{"id":88,"date":"2018-10-08T09:13:40","date_gmt":"2018-10-08T09:13:40","guid":{"rendered":"http:\/\/bekenntnis.net\/?page_id=88"},"modified":"2024-07-10T07:49:32","modified_gmt":"2024-07-10T07:49:32","slug":"der-bkb-stellt-sich-vor","status":"publish","type":"page","link":"https:\/\/bekenntnis.net\/?page_id=88","title":{"rendered":"Der BKB stellt sich vor"},"content":{"rendered":"\n<p><strong>Bekenntniskreis Baden \/ BKB<\/strong> <\/p>\n\n\n\n<p>Am 3. August 2015 hat sich in Stein bei Pforzheim der <strong>Bekenntniskreis Baden \/ BKB<\/strong> konstituiert.<\/p>\n\n\n\n<p>Anlass daf\u00fcr sind bekanntgewordene Bestrebungen in der Landeskirche, homosexuelle  Lebenspartnerschaften kirchlich zu segnen, sie damit der Segnung der christlichen Ehe gleichzustellen, den Paradigmenwechsel in Richtung auf \u201esexuelle Vielfalt\u201c zu akzeptieren und andere Formen von Sexualit\u00e4t der Heterosexualit\u00e4t gegen\u00fcber im Sinne der Gender-Ideologie als gleich, gleicherma\u00dfen g\u00fcltig bzw. gleichwertig zu erachten. Die Behandlung des Themas hat das Pr\u00e4sidium der Landessynode zur Fr\u00fchjahrssynode 2016 bekanntgegeben und dazu einen Studientag angek\u00fcndigt.  <\/p>\n\n\n\n<p>Der BKB beharrt auf der von der Landessynode im Jahr 2003 getroffenen Entscheidung, dass in der Badischen Landeskirche homosexuelle Partnerschaften nicht gottesdienstlich gesegnet werden. Er erkennt theologisch keine neuen Gr\u00fcnde, das Thema erneut zu verhandeln. Er wird mit den betreffenden Gremien und Personen das Gespr\u00e4ch suchen und seine Position darlegen.  <\/p>\n\n\n\n<p>Grundlage seines aktuellen Bekennens sind \u2013 gem\u00e4\u00df dem Vorspruch der Grundordnung der Evangelischen Landeskirche in Baden \u2013 die Heilige Schrift Alten und Neuen Testamentes, die im Vorspruch genannten Bekenntnisschriften und die Theologische Erkl\u00e4rung von Barmen (1934). Der BKB steht auf dem Boden der Badischen Landeskirche und sieht sich in der Nachfolge der Bekennenden Kirche der Jahre 1934-1945. <\/p>\n\n\n\n<p>\u00dcber den gegebenen Anlass hinaus will sich der BKB anderen Herausforderungen in Kirche, Staat und Gesellschaft stellen und Erkl\u00e4rungen dazu \u00f6ffentlich abgeben. Ganz aktuelle Themen sind: die Auslegung der Heiligen Schrift, die Bedeutung der Bekenntnisse sowie der Bereich \u201eEhe und Familie\u201c, wie in der Bekenntnisinitiative \u201eF\u00fcr die Freiheit des Glaubens und die Einheit der Kirche\u201c (August 2011) und in der \u201eAcherner Erkl\u00e4rung\u201c (August 2014) dargelegt. Beide Dokumente sind Teil der Grundlage des BKB. <\/p>\n\n\n\n<p>Der BKB ist eine freie und freiwillige Gemeinschaft von Christen der Evangelischen Landeskirche in Baden. Die Zugeh\u00f6rigkeit zum BKB wird durch eine schriftliche Erkl\u00e4rung mit Zustimmung zu seinen Grundlagen hergestellt. <\/p>\n\n\n\n<p>Der Bekenntniskreis Baden ist offen f\u00fcr das Zusammenwirken mit gleichen oder \u00e4hnlichen Kreisen und Gruppierungen in Baden sowie in anderen Landeskirchen und sucht den Kontakt zu ihnen. <\/p>\n\n\n\n<p>Die Gr\u00fcndungsmitglieder sind:<\/p>\n\n\n\n<p>Pfr. RL i. R. Rolf-Alexander Thieke 88690 Uhldingen, Mettnauweg 1 rathieke@gmx.de <br>Pfr. Dr. Hans-Gerd Krabbe 77855 Achern, Martinstra\u00dfe 9 hans-gerd.krabbe@gmx.de <br>Horst Fix 75203 K\u00f6nigsbach-Stein, Bauschlotter Stra\u00dfe 5 horstfix@hotmail.com <br>Pfrin. Gertrud Diekmeyer 75203 K\u00f6nigsbach-Stein, Marktplatz 8 gertrud.diekmeyer@gmx.de<\/p>\n\n\n\n<p><br><\/p>\n\n\n<p><!--EndFragment--><\/p>\n<p><\/p>","protected":false},"excerpt":{"rendered":"<p>Bekenntniskreis Baden \/ BKB Am 3. August 2015 hat sich in Stein bei Pforzheim der Bekenntniskreis Baden \/ BKB konstituiert. Anlass daf\u00fcr sind bekanntgewordene Bestrebungen in der Landeskirche, homosexuelle Lebenspartnerschaften kirchlich zu segnen, sie damit der Segnung der christlichen Ehe gleichzustellen, den Paradigmenwechsel in Richtung auf \u201esexuelle Vielfalt\u201c zu akzeptieren und andere Formen von Sexualit\u00e4t<br \/><a class=\"moretag\" href=\"https:\/\/bekenntnis.net\/?page_id=88\">+ Read More<\/a><\/p>\n","protected":false},"author":5,"featured_media":0,"parent":0,"menu_order":0,"comment_status":"closed","ping_status":"closed","template":"","meta":[],"_links":{"self":[{"href":"https:\/\/bekenntnis.net\/index.php?rest_route=\/wp\/v2\/pages\/88"}],"collection":[{"href":"https:\/\/bekenntnis.net\/index.php?rest_route=\/wp\/v2\/pages"}],"about":[{"href":"https:\/\/bekenntnis.net\/index.php?rest_route=\/wp\/v2\/types\/page"}],"author":[{"embeddable":true,"href":"https:\/\/bekenntnis.net\/index.php?rest_route=\/wp\/v2\/users\/5"}],"replies":[{"embeddable":true,"href":"https:\/\/bekenntnis.net\/index.php?rest_route=%2Fwp%2Fv2%2Fcomments&post=88"}],"version-history":[{"count":7,"href":"https:\/\/bekenntnis.net\/index.php?rest_route=\/wp\/v2\/pages\/88\/revisions"}],"predecessor-version":[{"id":1338,"href":"https:\/\/bekenntnis.net\/index.php?rest_route=\/wp\/v2\/pages\/88\/revisions\/1338"}],"wp:attachment":[{"href":"https:\/\/bekenntnis.net\/index.php?rest_route=%2Fwp%2Fv2%2Fmedia&parent=88"}],"curies":[{"name":"wp","href":"https:\/\/api.w.org\/{rel}","templated":true}]}}