{"id":858,"date":"2023-01-08T16:27:13","date_gmt":"2023-01-08T16:27:13","guid":{"rendered":"https:\/\/bekenntnis.net\/?page_id=858"},"modified":"2023-01-08T20:25:21","modified_gmt":"2023-01-08T20:25:21","slug":"themenkreis-christen-und-muslime","status":"publish","type":"page","link":"https:\/\/bekenntnis.net\/?page_id=858","title":{"rendered":"Themenkreis Christen und Muslime"},"content":{"rendered":"\n<p class=\"has-large-font-size\"><\/p>\n\n\n\n<p><a href=\"https:\/\/bekenntnis.net\/?p=624\">&gt;&gt; Nein, es geht nicht! (Leserbrief in den Pfarrvereinsbl\u00e4ttern) JAN|2021<\/a><\/p>\n\n\n\n<p><a href=\"https:\/\/bekenntnis.net\/?p=589\">&gt;&gt; Eingabe an die Landessynode zum Drei-Seiten-Papier \u201eEmutigung zum Dialog\u201c AUG|2020<\/a><\/p>\n\n\n\n<p><a href=\"https:\/\/bekenntnis.net\/?p=546\">&gt;&gt; Eingabe an die Landessynode 7|MRZ|2020<\/a><\/p>\n\n\n\n<p><a href=\"https:\/\/bekenntnis.net\/?p=542\">&gt;&gt; Christen in hilfreicher interreligi\u00f6ser Begegnung<\/a><\/p>\n\n\n\n<p><a href=\"https:\/\/bekenntnis.net\/?p=502\">&gt;&gt; Gedanken zum Gespr\u00e4chspapier des EOK, 19|JUN|2019 von Karl Heinz Ga\u00dfner<\/a><\/p>\n\n\n\n<p><a href=\"https:\/\/bekenntnis.net\/?p=420\">&gt;&gt; Kritische R\u00fcckfragen zum Gespr\u00e4chspapier des EOK, Thesen von Dr. Carsten Polanz<\/a><\/p>\n\n\n\n<p><a href=\"https:\/\/bekenntnis.net\/?p=129\">&gt;&gt; Sieben Punkte Erkl\u00e4rung<\/a><\/p>\n\n\n\n<p><a href=\"https:\/\/bekenntnis.net\/?p=188\">&gt;&gt; Offentliche Erkl\u00e4rung vom 22|OKT|2018<\/a><\/p>\n\n\n\n<p><a href=\"https:\/\/bekenntnis.net\/?p=56\">&gt;&gt; Orientierungs-&nbsp; und Arbeitshilfe zum Gespr\u00e4chspapier des EOK<\/a><\/p>\n\n\n\n<p><a href=\"https:\/\/bekenntnis.net\/?p=242\">&gt;&gt; Antrag an die Landessynode (H.Fix, D.Weingardt)<\/a><\/p>\n\n\n\n<p><a href=\"https:\/\/bekenntnis.net\/?p=261\">&gt;&gt; Antrag an die Landessynode | Stellungnahme (H.G. Krabbe)<\/a><\/p>\n\n\n\n<p><a href=\"https:\/\/bekenntnis.net\/?p=286\">&gt;&gt; Antwort auf das Bischofswort zum Ramadan<\/a><\/p>\n\n\n\n<p><a href=\"https:\/\/bekenntnis.net\/?p=377\">&gt;&gt; Warum ich mich nicht \u00fcber den Jesus im Koran freue<\/a><\/p>\n\n\n\n<p><a href=\"https:\/\/bekenntnis.net\/?p=395\">&gt;&gt; Tragische Irref\u00fchrung im evangelischen Obekirchenrat<\/a><\/p>\n","protected":false},"excerpt":{"rendered":"<p>&gt;&gt; Nein, es geht nicht! (Leserbrief in den Pfarrvereinsbl\u00e4ttern) JAN|2021 &gt;&gt; Eingabe an die Landessynode zum Drei-Seiten-Papier \u201eEmutigung zum Dialog\u201c AUG|2020 &gt;&gt; Eingabe an die Landessynode 7|MRZ|2020 &gt;&gt; Christen in hilfreicher interreligi\u00f6ser Begegnung &gt;&gt; Gedanken zum Gespr\u00e4chspapier des EOK, 19|JUN|2019 von Karl Heinz Ga\u00dfner &gt;&gt; Kritische R\u00fcckfragen zum Gespr\u00e4chspapier des EOK, Thesen von Dr. Carsten<br \/><a class=\"moretag\" href=\"https:\/\/bekenntnis.net\/?page_id=858\">+ Read More<\/a><\/p>\n","protected":false},"author":5,"featured_media":0,"parent":762,"menu_order":0,"comment_status":"closed","ping_status":"closed","template":"","meta":[],"_links":{"self":[{"href":"https:\/\/bekenntnis.net\/index.php?rest_route=\/wp\/v2\/pages\/858"}],"collection":[{"href":"https:\/\/bekenntnis.net\/index.php?rest_route=\/wp\/v2\/pages"}],"about":[{"href":"https:\/\/bekenntnis.net\/index.php?rest_route=\/wp\/v2\/types\/page"}],"author":[{"embeddable":true,"href":"https:\/\/bekenntnis.net\/index.php?rest_route=\/wp\/v2\/users\/5"}],"replies":[{"embeddable":true,"href":"https:\/\/bekenntnis.net\/index.php?rest_route=%2Fwp%2Fv2%2Fcomments&post=858"}],"version-history":[{"count":3,"href":"https:\/\/bekenntnis.net\/index.php?rest_route=\/wp\/v2\/pages\/858\/revisions"}],"predecessor-version":[{"id":931,"href":"https:\/\/bekenntnis.net\/index.php?rest_route=\/wp\/v2\/pages\/858\/revisions\/931"}],"up":[{"embeddable":true,"href":"https:\/\/bekenntnis.net\/index.php?rest_route=\/wp\/v2\/pages\/762"}],"wp:attachment":[{"href":"https:\/\/bekenntnis.net\/index.php?rest_route=%2Fwp%2Fv2%2Fmedia&parent=858"}],"curies":[{"name":"wp","href":"https:\/\/api.w.org\/{rel}","templated":true}]}}