{"id":762,"date":"2021-10-09T18:37:01","date_gmt":"2021-10-09T18:37:01","guid":{"rendered":"https:\/\/bekenntnis.net\/?page_id=762"},"modified":"2025-12-08T20:56:28","modified_gmt":"2025-12-08T20:56:28","slug":"inhalt-2","status":"publish","type":"page","link":"https:\/\/bekenntnis.net\/","title":{"rendered":"Inhalt"},"content":{"rendered":"\n<div class=\"wp-block-group is-layout-constrained\"><div class=\"wp-block-group__inner-container\">\n<p class=\"has-medium-font-size\"><strong>\u00dcbersicht \u00fcber Beitr\u00e4ge und Schriften auf dieser Internetseite<\/strong><\/p>\n\n\n\n<p class=\"has-medium-font-size\"><strong>Wer ist der BKB, was sind seine Intentionen, was sieht der BKB als sein Aufgabenfeld an?<\/strong><\/p>\n<\/div><\/div>\n\n\n\n<p class=\"has-medium-font-size\"><a href=\"https:\/\/bekenntnis.net\/?p=88\">&gt;&gt; Der BKB stellt sich vor<\/a><\/p>\n\n\n\n<p class=\"has-medium-font-size\"><a href=\"https:\/\/bekenntnis.net\/?p=527\">&gt;&gt; Der Bekenntniskreis Baden &#8211; eine Selbstdarstellung<\/a><\/p>\n\n\n\n<p class=\"has-medium-font-size\"><a href=\"https:\/\/bekenntnis.net\/?p=133\">&gt;&gt; Acherner Erkl\u00e4rung<\/a><\/p>\n\n\n\n<p class=\"has-medium-font-size\"><a href=\"https:\/\/bekenntnis.net\/?p=136\">&gt;&gt; Selbstverpflichtung<\/a><\/p>\n\n\n\n<p class=\"has-medium-font-size\"><a href=\"https:\/\/bekenntnis.net\/?page_id=1254\"><strong>Evangelische Landeskirche in Baden<\/strong><\/a><\/p>\n\n\n\n<p>Die Landeskriche als K\u00f6rperschaft des \u00f6ffentlichen Rechts, in ihrer Gestalt nicht als Verk\u00fcndigungs- sondern als Verwaltungsorgan, als eigentliche &#8222;Amtskirche&#8220; oder viel beschworene &#8222;Gremienkirche&#8220; bietet vielerlei Anlass zur kritischen oder zumindest aufmerksamen Beobachtung und Begleitung. Artikel zu diesem Thema finden sich unter dieser Rubrik.<\/p>\n\n\n\n<p class=\"has-medium-font-size\"><a href=\"https:\/\/bekenntnis.net\/?p=858\"><strong>Christen und Muslime<\/strong><\/a><\/p>\n\n\n\n<p>Mit &#8222;Christen und Muslime&#8220; ist das Spannungsfeld umschrieben, das, zunehmend seit 2015, die gesammte Gesellschaft in Atem h\u00e4lt und auf absehbare Zeit in allen westlichen Gesellschaften mit muslimischer Einwanderern f\u00fcr Spannungen und Konflikte sorgen wird, w\u00e4hrend die orientalischen Christen im Zuge der dortigen &#8222;Islamisierung&#8220;, einer Art &#8222;R\u00fcckbesinnung&#8220; nach Anleitung des Wahabitismus und der Muslimbr\u00fcder, immer st\u00e4rker unter Druck geraten. F\u00fcr die evangelischen Kirchen stellt sich, wie f\u00fcr die gesamte Gesellschaft, die Frage nach Anpassung oder (hier theologischer) Selbstbehauptung. Die Texte der Rubrik besch\u00e4ftigen sich demzufolge vor allem mit Tendenzen des Synkretismus um des lieben Friedens willen, oder um Hans K\u00fcngs &#8222;Weltethos&#8220; etwas polemisch zu umschreiben: Mit der Forderung, dass das Christentum seinen Wahrheitsanspruch im Sinne des Weltfriedens aufgeben und verk\u00fcnden soll, dass alle ohnehin an den selben Gott glauben (Der ber\u00fchmte Elefant, der von den Blinden, die ihn betasten, beschrieben wird).   <\/p>\n\n\n\n<p class=\"has-medium-font-size\"><strong><a href=\"https:\/\/bekenntnis.net\/?p=933\">Themenkreis &#8222;Gender&#8220;, &#8222;Ehe f\u00fcr Alle&#8220;<\/a><\/strong><\/p>\n\n\n\n<p>Seit in der Badischen Landeskriche 2016 und im Bundestag 2017 die &#8222;Ehe f\u00fcr Alle&#8220; beschlossen wurde, steht nicht nur der besondere Schutz von Ehe und Familie, sonderen auch theologischer Kenbestand in Frage. &#8222;Sollte Gott gesagt haben?&#8220; Das Thema ist nicht einfach. Das Evangelium der Liebe ist nicht vereinbar mit Ablehnung und Ausgrenzung und doch: Bleibt die Unterscheidung zwischen S\u00fcnder und S\u00fcnde notwendig, auch in diesem heiklen Bereich? Kann Gott segnen, was im er im Altem Testament mit Strafe belegt? In wie weit k\u00f6nnen wir \u00fcber die Schrift interpretierend &#8222;verf\u00fcgen&#8220;, ohne Gott zu entpersonalisieren, ohne ihn zum abstrakten &#8222;lieben Gott&#8220; der Deisten zu machen, den man umgangssprachlich einen guten Mann sein lassen kann? Die Entwicklung in der Kirche in diesem Bereich stellt also die Frage der Verbindlichkeit der \u00dcberlieferung. Die Texte der Rubrik versuchen hier eine Antwort zu geben bzw. auch eine Gegenposition zu erarbeiten.    <\/p>\n\n\n\n<p class=\"has-medium-font-size\"><strong><a href=\"https:\/\/bekenntnis.net\/?p=939\">Kirche und Zeitgeist<\/a><\/strong><\/p>\n\n\n\n<p>Aufkl\u00e4rung, Romantik, Marxismus und Postmoderne begr\u00fcndeten jeweils weltanschauliche Str\u00f6mungen, die mit ihren reduktionistischen Ans\u00e4tzen in Konkurrenz und Konflikt zum biblischen Welt- und Menschenbild traten. Der Mainstream heutigen Denkens speist sich, als Mischform, weiter aus diesen Quellen, dabei kommt es weiterhin zu Konflikten mit der biblischen \u00dcberlieferung, der wir allerdings (so die These dieses Blogs) ein besseres und tieferes Verst\u00e4ndnis der menschlichen Natur verdanken. Diese Konfliktlagen aber auch die Haltung der offiziellen bzw.&#8220;Amtskirche&#8220; sind Thema dieser Rubrik.<\/p>\n\n\n\n<p class=\"has-medium-font-size\"><a href=\"https:\/\/bekenntnis.net\/?p=1347\"><strong>Themenkreis Israe<\/strong>l<\/a><\/p>\n\n\n\n<p>Beitr\u00e4ge zur Diskussion um Israel, den Nahen Osten, die politischen Entwicklungen in der Region, aber auch in Westeuropa <\/p>\n\n\n\n<p class=\"has-medium-font-size\"><strong><a href=\"https:\/\/bekenntnis.net\/?p=956\">Verschiedenes<\/a><\/strong><\/p>\n\n\n\n<p>Beitr\u00e4ge zur Selbsts\u00e4kularisierung der Kirche, Predigten, Tagesaktuelles aus inzwischen einem halben Jahrzehnt, theologische Schlaglichter, etc. <\/p>\n\n\n\n<p class=\"has-medium-font-size\"><strong><a href=\"https:\/\/bekenntnis.net\/?p=945\">Literaturhinweise<\/a><\/strong><\/p>\n\n\n\n<p>Die Autoren des Bekenntniskreises sind zum Teil Autoren weiterer B\u00fccher und Schriften. <\/p>\n","protected":false},"excerpt":{"rendered":"<p>\u00dcbersicht \u00fcber Beitr\u00e4ge und Schriften auf dieser Internetseite Wer ist der BKB, was sind seine Intentionen, was sieht der BKB als sein Aufgabenfeld an? &gt;&gt; Der BKB stellt sich vor &gt;&gt; Der Bekenntniskreis Baden &#8211; eine Selbstdarstellung &gt;&gt; Acherner Erkl\u00e4rung &gt;&gt; Selbstverpflichtung Evangelische Landeskirche in Baden Die Landeskriche als K\u00f6rperschaft des \u00f6ffentlichen Rechts, in ihrer<br \/><a class=\"moretag\" href=\"https:\/\/bekenntnis.net\/\">+ Read More<\/a><\/p>\n","protected":false},"author":5,"featured_media":0,"parent":0,"menu_order":0,"comment_status":"closed","ping_status":"closed","template":"","meta":[],"_links":{"self":[{"href":"https:\/\/bekenntnis.net\/index.php?rest_route=\/wp\/v2\/pages\/762"}],"collection":[{"href":"https:\/\/bekenntnis.net\/index.php?rest_route=\/wp\/v2\/pages"}],"about":[{"href":"https:\/\/bekenntnis.net\/index.php?rest_route=\/wp\/v2\/types\/page"}],"author":[{"embeddable":true,"href":"https:\/\/bekenntnis.net\/index.php?rest_route=\/wp\/v2\/users\/5"}],"replies":[{"embeddable":true,"href":"https:\/\/bekenntnis.net\/index.php?rest_route=%2Fwp%2Fv2%2Fcomments&post=762"}],"version-history":[{"count":54,"href":"https:\/\/bekenntnis.net\/index.php?rest_route=\/wp\/v2\/pages\/762\/revisions"}],"predecessor-version":[{"id":1365,"href":"https:\/\/bekenntnis.net\/index.php?rest_route=\/wp\/v2\/pages\/762\/revisions\/1365"}],"wp:attachment":[{"href":"https:\/\/bekenntnis.net\/index.php?rest_route=%2Fwp%2Fv2%2Fmedia&parent=762"}],"curies":[{"name":"wp","href":"https:\/\/api.w.org\/{rel}","templated":true}]}}